{"id":39,"date":"2023-12-04T11:03:31","date_gmt":"2023-12-04T11:03:31","guid":{"rendered":"https:\/\/rb4058.ch\/wordpress\/?page_id=39"},"modified":"2024-02-05T09:21:02","modified_gmt":"2024-02-05T09:21:02","slug":"ristorante","status":"publish","type":"page","link":"https:\/\/robabuona.ch\/?page_id=39","title":{"rendered":"Ristorante"},"content":{"rendered":"\n<div class=\"wp-block-cover alignfull is-light\" style=\"min-height:1284px;aspect-ratio:unset;\"><span aria-hidden=\"true\" class=\"wp-block-cover__background has-background-dim-0 has-background-dim\"><\/span><img loading=\"lazy\" decoding=\"async\" width=\"886\" height=\"886\" class=\"wp-block-cover__image-background wp-image-122\" alt=\"\" src=\"http:\/\/rb4058.ch\/wordpress\/wp-content\/uploads\/2024\/01\/8460736F-46B1-4AD9-8CE1-69CAB06DE84D_1_105_c.jpeg\" style=\"object-position:54% 63%\" data-object-fit=\"cover\" data-object-position=\"54% 63%\" srcset=\"https:\/\/robabuona.ch\/wp-content\/uploads\/2024\/01\/8460736F-46B1-4AD9-8CE1-69CAB06DE84D_1_105_c.jpeg 886w, https:\/\/robabuona.ch\/wp-content\/uploads\/2024\/01\/8460736F-46B1-4AD9-8CE1-69CAB06DE84D_1_105_c-300x300.jpeg 300w, https:\/\/robabuona.ch\/wp-content\/uploads\/2024\/01\/8460736F-46B1-4AD9-8CE1-69CAB06DE84D_1_105_c-150x150.jpeg 150w, https:\/\/robabuona.ch\/wp-content\/uploads\/2024\/01\/8460736F-46B1-4AD9-8CE1-69CAB06DE84D_1_105_c-768x768.jpeg 768w\" sizes=\"auto, (max-width: 886px) 100vw, 886px\" \/><div class=\"wp-block-cover__inner-container is-layout-constrained wp-block-cover-is-layout-constrained\">\n<p class=\"has-text-align-center has-large-font-size\"><\/p>\n<\/div><\/div>\n\n\n\n<div class=\"wp-block-buttons is-content-justification-right is-layout-flex wp-container-core-buttons-is-layout-d445cf74 wp-block-buttons-is-layout-flex\"><\/div>\n\n\n\n<hr class=\"wp-block-separator has-alpha-channel-opacity\"\/>\n\n\n\n<details class=\"wp-block-details is-layout-flow wp-block-details-is-layout-flow\"><summary>In unserem kleinen Restaurant bekommen Sie ein Mittagsmenu, Suppen und Salate alles haus- &nbsp;und handgemacht und \u00e0 la minute frisch zubereitet.<\/summary>\n<figure class=\"wp-block-image size-full\"><img loading=\"lazy\" decoding=\"async\" width=\"316\" height=\"439\" src=\"https:\/\/robabuona.ch\/wp-content\/uploads\/2024\/01\/menux-neu-11-23-a6-01.jpg\" alt=\"\" class=\"wp-image-287\" srcset=\"https:\/\/robabuona.ch\/wp-content\/uploads\/2024\/01\/menux-neu-11-23-a6-01.jpg 316w, https:\/\/robabuona.ch\/wp-content\/uploads\/2024\/01\/menux-neu-11-23-a6-01-216x300.jpg 216w, https:\/\/robabuona.ch\/wp-content\/uploads\/2024\/01\/menux-neu-11-23-a6-01-144x200.jpg 144w\" sizes=\"auto, (max-width: 316px) 100vw, 316px\" \/><\/figure>\n<\/details>\n\n\n\n<div class=\"wp-block-media-text is-stacked-on-mobile\" style=\"grid-template-columns:15% auto\"><figure class=\"wp-block-media-text__media\"><img loading=\"lazy\" decoding=\"async\" width=\"717\" height=\"1024\" src=\"https:\/\/robabuona.ch\/wp-content\/uploads\/2024\/01\/LabelFaitMaison_LogoFR_CMJN-1-717x1024.png\" alt=\"\" class=\"wp-image-307 size-full\" srcset=\"https:\/\/robabuona.ch\/wp-content\/uploads\/2024\/01\/LabelFaitMaison_LogoFR_CMJN-1-717x1024.png 717w, https:\/\/robabuona.ch\/wp-content\/uploads\/2024\/01\/LabelFaitMaison_LogoFR_CMJN-1-210x300.png 210w, https:\/\/robabuona.ch\/wp-content\/uploads\/2024\/01\/LabelFaitMaison_LogoFR_CMJN-1-768x1098.png 768w, https:\/\/robabuona.ch\/wp-content\/uploads\/2024\/01\/LabelFaitMaison_LogoFR_CMJN-1-140x200.png 140w, https:\/\/robabuona.ch\/wp-content\/uploads\/2024\/01\/LabelFaitMaison_LogoFR_CMJN-1-1075x1536.png 1075w, https:\/\/robabuona.ch\/wp-content\/uploads\/2024\/01\/LabelFaitMaison_LogoFR_CMJN-1.png 1200w\" sizes=\"auto, (max-width: 717px) 100vw, 717px\" \/><\/figure><div class=\"wp-block-media-text__content\">\n<p><em>Unsere Gerichte werden vollst\u00e4ndig vor Ort mit Rohprodukten und traditionell in der K\u00fcche verwendeten Zutaten nach den Kriterien des Labels \u201eFait Maison\u201c zubereitet.<\/em><\/p>\n\n\n\n<p><em>Das Label \u201eFait Maison\u201c zeichnet Restaurants aus, die ihre Speisen vollst\u00e4ndig oder zum gr\u00f6ssten Teil in ihren K\u00fcchen zubereiten. Es f\u00f6rdert das Savoir-faire der Schweizer Gastronomie und entspricht dem Wunsch der Konsumenten nach Transparenz. Es k\u00e4mpft gegen die Vereinheitlichung des Geschmacks und f\u00f6rdert die Regionalit\u00e4t, die Nachhaltigkeit und die Saisonalit\u00e4t.<\/em><\/p>\n<\/div><\/div>\n\n\n\n<figure class=\"wp-block-gallery has-nested-images columns-default is-cropped wp-block-gallery-1 is-layout-flex wp-block-gallery-is-layout-flex\">\n<figure class=\"wp-block-image size-large\"><img loading=\"lazy\" decoding=\"async\" width=\"886\" height=\"886\" data-id=\"132\" src=\"https:\/\/robabuona.ch\/wp-content\/uploads\/2024\/01\/6DD1E04B-550C-4E61-9D9A-9925D158BE98_1_105_c.jpeg\" alt=\"\" class=\"wp-image-132\" srcset=\"https:\/\/robabuona.ch\/wp-content\/uploads\/2024\/01\/6DD1E04B-550C-4E61-9D9A-9925D158BE98_1_105_c.jpeg 886w, https:\/\/robabuona.ch\/wp-content\/uploads\/2024\/01\/6DD1E04B-550C-4E61-9D9A-9925D158BE98_1_105_c-300x300.jpeg 300w, https:\/\/robabuona.ch\/wp-content\/uploads\/2024\/01\/6DD1E04B-550C-4E61-9D9A-9925D158BE98_1_105_c-150x150.jpeg 150w, https:\/\/robabuona.ch\/wp-content\/uploads\/2024\/01\/6DD1E04B-550C-4E61-9D9A-9925D158BE98_1_105_c-768x768.jpeg 768w\" sizes=\"auto, (max-width: 886px) 100vw, 886px\" \/><\/figure>\n\n\n\n<figure class=\"wp-block-image size-large\"><img loading=\"lazy\" decoding=\"async\" width=\"1024\" height=\"1024\" data-id=\"137\" src=\"https:\/\/robabuona.ch\/wp-content\/uploads\/2024\/01\/IMG_2112-1024x1024.jpg\" alt=\"\" class=\"wp-image-137\" srcset=\"https:\/\/robabuona.ch\/wp-content\/uploads\/2024\/01\/IMG_2112-1024x1024.jpg 1024w, https:\/\/robabuona.ch\/wp-content\/uploads\/2024\/01\/IMG_2112-300x300.jpg 300w, https:\/\/robabuona.ch\/wp-content\/uploads\/2024\/01\/IMG_2112-150x150.jpg 150w, https:\/\/robabuona.ch\/wp-content\/uploads\/2024\/01\/IMG_2112-768x768.jpg 768w, https:\/\/robabuona.ch\/wp-content\/uploads\/2024\/01\/IMG_2112-1536x1536.jpg 1536w, https:\/\/robabuona.ch\/wp-content\/uploads\/2024\/01\/IMG_2112-2048x2048.jpg 2048w\" sizes=\"auto, (max-width: 1024px) 100vw, 1024px\" \/><\/figure>\n\n\n\n<figure class=\"wp-block-image size-large\"><img loading=\"lazy\" decoding=\"async\" width=\"1024\" height=\"1024\" data-id=\"82\" src=\"https:\/\/robabuona.ch\/wp-content\/uploads\/2023\/12\/IMG_0494-1024x1024.jpg\" alt=\"\" class=\"wp-image-82\" srcset=\"https:\/\/robabuona.ch\/wp-content\/uploads\/2023\/12\/IMG_0494-1024x1024.jpg 1024w, https:\/\/robabuona.ch\/wp-content\/uploads\/2023\/12\/IMG_0494-300x300.jpg 300w, https:\/\/robabuona.ch\/wp-content\/uploads\/2023\/12\/IMG_0494-150x150.jpg 150w, https:\/\/robabuona.ch\/wp-content\/uploads\/2023\/12\/IMG_0494-768x768.jpg 768w, https:\/\/robabuona.ch\/wp-content\/uploads\/2023\/12\/IMG_0494-1536x1536.jpg 1536w, https:\/\/robabuona.ch\/wp-content\/uploads\/2023\/12\/IMG_0494-2048x2048.jpg 2048w\" sizes=\"auto, (max-width: 1024px) 100vw, 1024px\" \/><\/figure>\n\n\n\n<figure class=\"wp-block-image size-large\"><img loading=\"lazy\" decoding=\"async\" width=\"886\" height=\"886\" data-id=\"119\" src=\"https:\/\/robabuona.ch\/wp-content\/uploads\/2024\/01\/EC3A02F0-984E-4B1D-8B2B-118B3CC8BF1A_1_105_c.jpeg\" alt=\"\" class=\"wp-image-119\" srcset=\"https:\/\/robabuona.ch\/wp-content\/uploads\/2024\/01\/EC3A02F0-984E-4B1D-8B2B-118B3CC8BF1A_1_105_c.jpeg 886w, https:\/\/robabuona.ch\/wp-content\/uploads\/2024\/01\/EC3A02F0-984E-4B1D-8B2B-118B3CC8BF1A_1_105_c-300x300.jpeg 300w, https:\/\/robabuona.ch\/wp-content\/uploads\/2024\/01\/EC3A02F0-984E-4B1D-8B2B-118B3CC8BF1A_1_105_c-150x150.jpeg 150w, https:\/\/robabuona.ch\/wp-content\/uploads\/2024\/01\/EC3A02F0-984E-4B1D-8B2B-118B3CC8BF1A_1_105_c-768x768.jpeg 768w\" sizes=\"auto, (max-width: 886px) 100vw, 886px\" \/><\/figure>\n\n\n\n<figure class=\"wp-block-image size-large\"><img loading=\"lazy\" decoding=\"async\" width=\"886\" height=\"886\" data-id=\"133\" src=\"https:\/\/robabuona.ch\/wp-content\/uploads\/2024\/01\/8F045197-02B6-441E-8119-128D17A5ACAE_1_105_c.jpeg\" alt=\"\" class=\"wp-image-133\" srcset=\"https:\/\/robabuona.ch\/wp-content\/uploads\/2024\/01\/8F045197-02B6-441E-8119-128D17A5ACAE_1_105_c.jpeg 886w, https:\/\/robabuona.ch\/wp-content\/uploads\/2024\/01\/8F045197-02B6-441E-8119-128D17A5ACAE_1_105_c-300x300.jpeg 300w, https:\/\/robabuona.ch\/wp-content\/uploads\/2024\/01\/8F045197-02B6-441E-8119-128D17A5ACAE_1_105_c-150x150.jpeg 150w, https:\/\/robabuona.ch\/wp-content\/uploads\/2024\/01\/8F045197-02B6-441E-8119-128D17A5ACAE_1_105_c-768x768.jpeg 768w\" sizes=\"auto, (max-width: 886px) 100vw, 886px\" \/><\/figure>\n\n\n\n<figure class=\"wp-block-image size-large\"><img loading=\"lazy\" decoding=\"async\" width=\"1024\" height=\"1024\" data-id=\"138\" src=\"https:\/\/robabuona.ch\/wp-content\/uploads\/2024\/01\/YHWS6120-1024x1024.jpg\" alt=\"\" class=\"wp-image-138\" srcset=\"https:\/\/robabuona.ch\/wp-content\/uploads\/2024\/01\/YHWS6120-1024x1024.jpg 1024w, https:\/\/robabuona.ch\/wp-content\/uploads\/2024\/01\/YHWS6120-300x300.jpg 300w, https:\/\/robabuona.ch\/wp-content\/uploads\/2024\/01\/YHWS6120-150x150.jpg 150w, https:\/\/robabuona.ch\/wp-content\/uploads\/2024\/01\/YHWS6120-768x768.jpg 768w, https:\/\/robabuona.ch\/wp-content\/uploads\/2024\/01\/YHWS6120-1536x1536.jpg 1536w, https:\/\/robabuona.ch\/wp-content\/uploads\/2024\/01\/YHWS6120-2048x2048.jpg 2048w\" sizes=\"auto, (max-width: 1024px) 100vw, 1024px\" \/><\/figure>\n\n\n\n<figure class=\"wp-block-image size-large\"><img loading=\"lazy\" decoding=\"async\" width=\"886\" height=\"886\" data-id=\"125\" src=\"https:\/\/robabuona.ch\/wp-content\/uploads\/2024\/01\/C5D79327-720B-4A68-B78F-9AD0949CF9A4_1_105_c.jpeg\" alt=\"\" class=\"wp-image-125\" srcset=\"https:\/\/robabuona.ch\/wp-content\/uploads\/2024\/01\/C5D79327-720B-4A68-B78F-9AD0949CF9A4_1_105_c.jpeg 886w, https:\/\/robabuona.ch\/wp-content\/uploads\/2024\/01\/C5D79327-720B-4A68-B78F-9AD0949CF9A4_1_105_c-300x300.jpeg 300w, https:\/\/robabuona.ch\/wp-content\/uploads\/2024\/01\/C5D79327-720B-4A68-B78F-9AD0949CF9A4_1_105_c-150x150.jpeg 150w, https:\/\/robabuona.ch\/wp-content\/uploads\/2024\/01\/C5D79327-720B-4A68-B78F-9AD0949CF9A4_1_105_c-768x768.jpeg 768w\" sizes=\"auto, (max-width: 886px) 100vw, 886px\" \/><\/figure>\n\n\n\n<figure class=\"wp-block-image size-large\"><img loading=\"lazy\" decoding=\"async\" width=\"886\" height=\"886\" data-id=\"129\" src=\"https:\/\/robabuona.ch\/wp-content\/uploads\/2024\/01\/0AB716EA-FD1F-49A3-9824-5A2A7B496846_1_105_c.jpeg\" alt=\"\" class=\"wp-image-129\" srcset=\"https:\/\/robabuona.ch\/wp-content\/uploads\/2024\/01\/0AB716EA-FD1F-49A3-9824-5A2A7B496846_1_105_c.jpeg 886w, https:\/\/robabuona.ch\/wp-content\/uploads\/2024\/01\/0AB716EA-FD1F-49A3-9824-5A2A7B496846_1_105_c-300x300.jpeg 300w, https:\/\/robabuona.ch\/wp-content\/uploads\/2024\/01\/0AB716EA-FD1F-49A3-9824-5A2A7B496846_1_105_c-150x150.jpeg 150w, https:\/\/robabuona.ch\/wp-content\/uploads\/2024\/01\/0AB716EA-FD1F-49A3-9824-5A2A7B496846_1_105_c-768x768.jpeg 768w\" sizes=\"auto, (max-width: 886px) 100vw, 886px\" \/><\/figure>\n\n\n\n<figure class=\"wp-block-image size-large\"><img loading=\"lazy\" decoding=\"async\" width=\"1024\" height=\"1024\" data-id=\"42\" src=\"https:\/\/robabuona.ch\/wp-content\/uploads\/2023\/11\/IMG_0639-1024x1024.jpg\" alt=\"\" class=\"wp-image-42\" srcset=\"https:\/\/robabuona.ch\/wp-content\/uploads\/2023\/11\/IMG_0639-1024x1024.jpg 1024w, https:\/\/robabuona.ch\/wp-content\/uploads\/2023\/11\/IMG_0639-300x300.jpg 300w, https:\/\/robabuona.ch\/wp-content\/uploads\/2023\/11\/IMG_0639-150x150.jpg 150w, https:\/\/robabuona.ch\/wp-content\/uploads\/2023\/11\/IMG_0639-768x768.jpg 768w, https:\/\/robabuona.ch\/wp-content\/uploads\/2023\/11\/IMG_0639-1536x1536.jpg 1536w, https:\/\/robabuona.ch\/wp-content\/uploads\/2023\/11\/IMG_0639-2048x2048.jpg 2048w\" sizes=\"auto, (max-width: 1024px) 100vw, 1024px\" \/><\/figure>\n\n\n\n<figure class=\"wp-block-image size-large\"><img loading=\"lazy\" decoding=\"async\" width=\"683\" height=\"1024\" data-id=\"89\" src=\"https:\/\/robabuona.ch\/wp-content\/uploads\/2023\/12\/DSF3271-683x1024.jpg\" alt=\"\" class=\"wp-image-89\" srcset=\"https:\/\/robabuona.ch\/wp-content\/uploads\/2023\/12\/DSF3271-683x1024.jpg 683w, https:\/\/robabuona.ch\/wp-content\/uploads\/2023\/12\/DSF3271-200x300.jpg 200w, https:\/\/robabuona.ch\/wp-content\/uploads\/2023\/12\/DSF3271-768x1152.jpg 768w, https:\/\/robabuona.ch\/wp-content\/uploads\/2023\/12\/DSF3271-scaled.jpg 1707w\" sizes=\"auto, (max-width: 683px) 100vw, 683px\" \/><\/figure>\n\n\n\n<figure class=\"wp-block-image size-large\"><img loading=\"lazy\" decoding=\"async\" width=\"756\" height=\"756\" data-id=\"261\" src=\"https:\/\/robabuona.ch\/wp-content\/uploads\/2024\/01\/IMG_2069@0.5x.jpg\" alt=\"\" class=\"wp-image-261\" srcset=\"https:\/\/robabuona.ch\/wp-content\/uploads\/2024\/01\/IMG_2069@0.5x.jpg 756w, https:\/\/robabuona.ch\/wp-content\/uploads\/2024\/01\/IMG_2069@0.5x-300x300.jpg 300w, https:\/\/robabuona.ch\/wp-content\/uploads\/2024\/01\/IMG_2069@0.5x-150x150.jpg 150w\" sizes=\"auto, (max-width: 756px) 100vw, 756px\" \/><\/figure>\n\n\n\n<figure class=\"wp-block-image size-full\"><img loading=\"lazy\" decoding=\"async\" width=\"329\" height=\"329\" data-id=\"270\" src=\"http:\/\/rb4058.ch\/wordpress\/wp-content\/uploads\/2024\/01\/IMG_1508@0.33x.png\" alt=\"\" class=\"wp-image-270\" srcset=\"https:\/\/robabuona.ch\/wp-content\/uploads\/2024\/01\/IMG_1508@0.33x.png 329w, https:\/\/robabuona.ch\/wp-content\/uploads\/2024\/01\/IMG_1508@0.33x-300x300.png 300w, https:\/\/robabuona.ch\/wp-content\/uploads\/2024\/01\/IMG_1508@0.33x-150x150.png 150w\" sizes=\"auto, (max-width: 329px) 100vw, 329px\" \/><\/figure>\n\n\n\n<figure class=\"wp-block-image size-large\"><img loading=\"lazy\" decoding=\"async\" width=\"1024\" height=\"1024\" data-id=\"354\" src=\"https:\/\/robabuona.ch\/wp-content\/uploads\/2024\/01\/IMG_0756-omel-1024x1024.jpg\" alt=\"\" class=\"wp-image-354\" srcset=\"https:\/\/robabuona.ch\/wp-content\/uploads\/2024\/01\/IMG_0756-omel-1024x1024.jpg 1024w, https:\/\/robabuona.ch\/wp-content\/uploads\/2024\/01\/IMG_0756-omel-300x300.jpg 300w, https:\/\/robabuona.ch\/wp-content\/uploads\/2024\/01\/IMG_0756-omel-150x150.jpg 150w, https:\/\/robabuona.ch\/wp-content\/uploads\/2024\/01\/IMG_0756-omel-768x768.jpg 768w, https:\/\/robabuona.ch\/wp-content\/uploads\/2024\/01\/IMG_0756-omel-200x200.jpg 200w, https:\/\/robabuona.ch\/wp-content\/uploads\/2024\/01\/IMG_0756-omel.jpg 1512w\" sizes=\"auto, (max-width: 1024px) 100vw, 1024px\" \/><\/figure>\n\n\n\n<figure class=\"wp-block-image size-large\"><img loading=\"lazy\" decoding=\"async\" width=\"1024\" height=\"1024\" data-id=\"355\" src=\"https:\/\/robabuona.ch\/wp-content\/uploads\/2024\/01\/IMG_0733-OFEN2-1024x1024.jpg\" alt=\"\" class=\"wp-image-355\" srcset=\"https:\/\/robabuona.ch\/wp-content\/uploads\/2024\/01\/IMG_0733-OFEN2-1024x1024.jpg 1024w, https:\/\/robabuona.ch\/wp-content\/uploads\/2024\/01\/IMG_0733-OFEN2-300x300.jpg 300w, https:\/\/robabuona.ch\/wp-content\/uploads\/2024\/01\/IMG_0733-OFEN2-150x150.jpg 150w, https:\/\/robabuona.ch\/wp-content\/uploads\/2024\/01\/IMG_0733-OFEN2-768x768.jpg 768w, https:\/\/robabuona.ch\/wp-content\/uploads\/2024\/01\/IMG_0733-OFEN2-200x200.jpg 200w, https:\/\/robabuona.ch\/wp-content\/uploads\/2024\/01\/IMG_0733-OFEN2.jpg 1512w\" sizes=\"auto, (max-width: 1024px) 100vw, 1024px\" \/><\/figure>\n\n\n\n<figure class=\"wp-block-image size-large\"><img loading=\"lazy\" decoding=\"async\" width=\"1024\" height=\"1022\" data-id=\"357\" src=\"https:\/\/robabuona.ch\/wp-content\/uploads\/2024\/01\/cutout-soup-100-1-1024x1022.jpg\" alt=\"\" class=\"wp-image-357\" srcset=\"https:\/\/robabuona.ch\/wp-content\/uploads\/2024\/01\/cutout-soup-100-1-1024x1022.jpg 1024w, https:\/\/robabuona.ch\/wp-content\/uploads\/2024\/01\/cutout-soup-100-1-300x300.jpg 300w, https:\/\/robabuona.ch\/wp-content\/uploads\/2024\/01\/cutout-soup-100-1-150x150.jpg 150w, https:\/\/robabuona.ch\/wp-content\/uploads\/2024\/01\/cutout-soup-100-1-768x767.jpg 768w, https:\/\/robabuona.ch\/wp-content\/uploads\/2024\/01\/cutout-soup-100-1-200x200.jpg 200w, https:\/\/robabuona.ch\/wp-content\/uploads\/2024\/01\/cutout-soup-100-1-1536x1533.jpg 1536w, https:\/\/robabuona.ch\/wp-content\/uploads\/2024\/01\/cutout-soup-100-1.jpg 1681w\" sizes=\"auto, (max-width: 1024px) 100vw, 1024px\" \/><\/figure>\n<\/figure>\n","protected":false},"excerpt":{"rendered":"<p>Unsere Gerichte werden vollst\u00e4ndig vor Ort mit Rohprodukten und traditionell in der K\u00fcche verwendeten Zutaten nach den Kriterien des Labels \u201eFait Maison\u201c zubereitet. Das Label \u201eFait Maison\u201c zeichnet Restaurants aus, die ihre Speisen vollst\u00e4ndig oder zum gr\u00f6ssten Teil in ihren K\u00fcchen zubereiten. Es f\u00f6rdert das Savoir-faire der Schweizer Gastronomie und entspricht dem Wunsch der Konsumenten [&hellip;]<\/p>\n","protected":false},"author":1,"featured_media":0,"parent":0,"menu_order":0,"comment_status":"closed","ping_status":"closed","template":"","meta":{"footnotes":""},"class_list":["post-39","page","type-page","status-publish","hentry"],"blocksy_meta":[],"_links":{"self":[{"href":"https:\/\/robabuona.ch\/index.php?rest_route=\/wp\/v2\/pages\/39","targetHints":{"allow":["GET"]}}],"collection":[{"href":"https:\/\/robabuona.ch\/index.php?rest_route=\/wp\/v2\/pages"}],"about":[{"href":"https:\/\/robabuona.ch\/index.php?rest_route=\/wp\/v2\/types\/page"}],"author":[{"embeddable":true,"href":"https:\/\/robabuona.ch\/index.php?rest_route=\/wp\/v2\/users\/1"}],"replies":[{"embeddable":true,"href":"https:\/\/robabuona.ch\/index.php?rest_route=%2Fwp%2Fv2%2Fcomments&post=39"}],"version-history":[{"count":12,"href":"https:\/\/robabuona.ch\/index.php?rest_route=\/wp\/v2\/pages\/39\/revisions"}],"predecessor-version":[{"id":424,"href":"https:\/\/robabuona.ch\/index.php?rest_route=\/wp\/v2\/pages\/39\/revisions\/424"}],"wp:attachment":[{"href":"https:\/\/robabuona.ch\/index.php?rest_route=%2Fwp%2Fv2%2Fmedia&parent=39"}],"curies":[{"name":"wp","href":"https:\/\/api.w.org\/{rel}","templated":true}]}}